{"id":6,"date":"2025-11-03T17:19:19","date_gmt":"2025-11-03T16:19:19","guid":{"rendered":"https:\/\/www.schabon.de\/?page_id=6"},"modified":"2025-11-03T22:17:54","modified_gmt":"2025-11-03T21:17:54","slug":"startseite","status":"publish","type":"page","link":"https:\/\/www.schabon.de\/","title":{"rendered":"<p><\/p>"},"content":{"rendered":"\n<h2 class=\"wp-block-heading has-text-align-center\">Herzlich willkommen zu deinem Geburtstagsgeschenk<\/h2>\n\n\n\n<p><\/p>\n\n\n\n<p class=\"has-text-align-center\">Wir m\u00f6chten dir eine Auszeit vom allt\u00e4glichen Stress schenken und hoffen das du dich dieses Wochenende sehr erholen kannst.<\/p>\n\n\n<div class=\"wp-block-image\">\n<figure class=\"aligncenter size-large is-resized\"><img decoding=\"async\" src=\"https:\/\/cdn-icons-png.flaticon.com\/512\/743\/743308.png\" alt=\"\" style=\"width:118px;height:auto\"\/><\/figure>\n<\/div>\n\n\n<p class=\"has-text-align-center\"><strong>Um mehr dar\u00fcber zu erfahren, klicke hier weiter unten auf Details<\/strong><\/p>\n\n\n\n<p><\/p>\n","protected":false},"excerpt":{"rendered":"<p>Herzlich willkommen zu deinem Geburtstagsgeschenk Wir m\u00f6chten dir eine Auszeit vom allt\u00e4glichen Stress schenken und hoffen das du dich dieses Wochenende sehr erholen kannst. Um mehr dar\u00fcber zu erfahren, klicke hier weiter unten auf Details<\/p>\n","protected":false},"author":1,"featured_media":0,"parent":0,"menu_order":0,"comment_status":"closed","ping_status":"closed","template":"","meta":{"footnotes":""},"class_list":["post-6","page","type-page","status-publish","hentry"],"_links":{"self":[{"href":"https:\/\/www.schabon.de\/index.php\/wp-json\/wp\/v2\/pages\/6","targetHints":{"allow":["GET"]}}],"collection":[{"href":"https:\/\/www.schabon.de\/index.php\/wp-json\/wp\/v2\/pages"}],"about":[{"href":"https:\/\/www.schabon.de\/index.php\/wp-json\/wp\/v2\/types\/page"}],"author":[{"embeddable":true,"href":"https:\/\/www.schabon.de\/index.php\/wp-json\/wp\/v2\/users\/1"}],"replies":[{"embeddable":true,"href":"https:\/\/www.schabon.de\/index.php\/wp-json\/wp\/v2\/comments?post=6"}],"version-history":[{"count":15,"href":"https:\/\/www.schabon.de\/index.php\/wp-json\/wp\/v2\/pages\/6\/revisions"}],"predecessor-version":[{"id":54,"href":"https:\/\/www.schabon.de\/index.php\/wp-json\/wp\/v2\/pages\/6\/revisions\/54"}],"wp:attachment":[{"href":"https:\/\/www.schabon.de\/index.php\/wp-json\/wp\/v2\/media?parent=6"}],"curies":[{"name":"wp","href":"https:\/\/api.w.org\/{rel}","templated":true}]}}