{"id":2,"date":"2025-11-03T17:02:52","date_gmt":"2025-11-03T16:02:52","guid":{"rendered":"https:\/\/www.schabon.de\/?page_id=2"},"modified":"2025-11-03T22:38:14","modified_gmt":"2025-11-03T21:38:14","slug":"beispiel-seite","status":"publish","type":"page","link":"https:\/\/www.schabon.de\/index.php\/beispiel-seite\/","title":{"rendered":"Details"},"content":{"rendered":"\n<p>Es beginnt am 14.11.2025 und endet am 16.11.2025<\/p>\n\n\n\n<p><\/p>\n\n\n\n<p>Wir haben zwei \u00dcbernachtungen in der Burg Satzvey : <a href=\"https:\/\/www.burgsatzvey.de\/\">https:\/\/www.burgsatzvey.de\/<\/a><\/p>\n\n\n\n<p>So sieht unser Zimmer aus :<\/p>\n\n\n\n<figure class=\"wp-block-image size-large is-resized\"><img decoding=\"async\" src=\"https:\/\/tbb-prod-emea.imgix.net\/attachments\/room_type_photos\/images\/1242241\/1242241\/IMG_8524_jpg.JPG?auto=format,compress&amp;fit=crop&amp;crop=entropy&amp;w=1024&amp;q=75\" alt=\"\" style=\"width:549px;height:auto\"\/><\/figure>\n\n\n\n<figure class=\"wp-block-image size-large is-resized\"><img decoding=\"async\" src=\"https:\/\/tbb-prod-emea.imgix.net\/attachments\/room_type_photos\/images\/1242242\/1242242\/IMG_8527_jpg.JPG?auto=format,compress&amp;fit=crop&amp;crop=entropy&amp;w=1024&amp;q=75\" alt=\"\" style=\"width:550px;height:auto\"\/><\/figure>\n\n\n\n<figure class=\"wp-block-image size-large is-resized\"><img decoding=\"async\" src=\"https:\/\/tbb-prod-emea.imgix.net\/attachments\/room_type_photos\/images\/1242243\/1242243\/IMG_8521_jpg.JPG?auto=format,compress&amp;fit=crop&amp;crop=entropy&amp;w=1024&amp;q=75\" alt=\"\" style=\"width:551px;height:auto\"\/><\/figure>\n\n\n\n<figure class=\"wp-block-image size-large is-resized\"><img decoding=\"async\" src=\"https:\/\/tbb-prod-emea.imgix.net\/attachments\/room_type_photos\/images\/1242244\/1242244\/IMG_8519_jpg.JPG?auto=format,compress&amp;fit=crop&amp;crop=entropy&amp;w=1024&amp;q=75\" alt=\"\" style=\"width:551px;height:auto\"\/><\/figure>\n\n\n\n<p><\/p>\n\n\n\n<p>Nachdem wir die erste Nacht verbracht haben Erkunden wir die Burg mit einer Burgf\u00fchrung: <\/p>\n\n\n\n<p><a href=\"https:\/\/www.burgsatzvey.de\/burg-satzvey\/burgfuehrungen\/\">https:\/\/www.burgsatzvey.de\/burg-satzvey\/burgfuehrungen\/<\/a><\/p>\n\n\n\n<p><\/p>\n\n\n\n<p>Danach erholen wir uns in der Therme von Euskirchen, kommt sie dir bekannt vor ;-).<\/p>\n\n\n\n<p><a href=\"https:\/\/www.badewelt-euskirchen.de\">https:\/\/www.badewelt-euskirchen.de<\/a><\/p>\n\n\n\n<figure class=\"wp-block-image size-large\"><img decoding=\"async\" src=\"https:\/\/www.badewelt-euskirchen.de\/__we_thumbs__\/21462_13_Grosse_Lagune_bei_Nacht.jpg\" alt=\"\"\/><\/figure>\n\n\n\n<p>Am Sonntag ist leider schon die R\u00fcckreise.<\/p>\n\n\n\n<p><\/p>\n\n\n\n<p><\/p>\n\n\n\n<p><strong>P.S. deine Eltern passen auf die M\u00e4dels \u00fcber das Wochenende auf. F\u00fcr deren Wohl ist auch gesorgt<\/strong>. <\/p>\n\n\n<div class=\"wp-block-image\">\n<figure class=\"aligncenter size-large is-resized\"><img decoding=\"async\" src=\"https:\/\/external-content.duckduckgo.com\/iu\/?u=https%3A%2F%2Fi.pinimg.com%2Foriginals%2Fea%2F01%2F13%2Fea011361b47c2c4b573282dd3d7d6f67.gif&amp;f=1&amp;nofb=1&amp;ipt=335c202feef55ea38baf707149468a31ff08726e7932deefb236533ea7f0a1b9\" alt=\"\" style=\"width:227px;height:auto\"\/><\/figure>\n<\/div>\n\n\n<p><\/p>\n","protected":false},"excerpt":{"rendered":"<p>Es beginnt am 14.11.2025 und endet am 16.11.2025 Wir haben zwei \u00dcbernachtungen in der Burg Satzvey : https:\/\/www.burgsatzvey.de\/ So sieht unser Zimmer aus : Nachdem wir die erste Nacht verbracht haben Erkunden wir die Burg mit einer Burgf\u00fchrung: https:\/\/www.burgsatzvey.de\/burg-satzvey\/burgfuehrungen\/ Danach erholen wir uns in der Therme von Euskirchen, kommt sie dir bekannt vor ;-). https:\/\/www.badewelt-euskirchen.de [&hellip;]<\/p>\n","protected":false},"author":1,"featured_media":0,"parent":0,"menu_order":0,"comment_status":"closed","ping_status":"open","template":"","meta":{"footnotes":""},"class_list":["post-2","page","type-page","status-publish","hentry"],"_links":{"self":[{"href":"https:\/\/www.schabon.de\/index.php\/wp-json\/wp\/v2\/pages\/2","targetHints":{"allow":["GET"]}}],"collection":[{"href":"https:\/\/www.schabon.de\/index.php\/wp-json\/wp\/v2\/pages"}],"about":[{"href":"https:\/\/www.schabon.de\/index.php\/wp-json\/wp\/v2\/types\/page"}],"author":[{"embeddable":true,"href":"https:\/\/www.schabon.de\/index.php\/wp-json\/wp\/v2\/users\/1"}],"replies":[{"embeddable":true,"href":"https:\/\/www.schabon.de\/index.php\/wp-json\/wp\/v2\/comments?post=2"}],"version-history":[{"count":10,"href":"https:\/\/www.schabon.de\/index.php\/wp-json\/wp\/v2\/pages\/2\/revisions"}],"predecessor-version":[{"id":63,"href":"https:\/\/www.schabon.de\/index.php\/wp-json\/wp\/v2\/pages\/2\/revisions\/63"}],"wp:attachment":[{"href":"https:\/\/www.schabon.de\/index.php\/wp-json\/wp\/v2\/media?parent=2"}],"curies":[{"name":"wp","href":"https:\/\/api.w.org\/{rel}","templated":true}]}}